{"id":2659,"date":"2022-01-11T14:36:25","date_gmt":"2022-01-11T13:36:25","guid":{"rendered":"https:\/\/alejandroyague.com\/contact\/"},"modified":"2022-04-21T15:59:08","modified_gmt":"2022-04-21T13:59:08","slug":"contact-alejandro-yague","status":"publish","type":"page","link":"https:\/\/alejandroyague.com\/en\/contact-alejandro-yague\/","title":{"rendered":"Contact"},"content":{"rendered":"\t\t<div data-elementor-type=\"wp-page\" data-elementor-id=\"2659\" class=\"elementor elementor-2659 elementor-2320\" data-elementor-post-type=\"page\">\n\t\t\t\t\t\t<section data-particle_enable=\"false\" data-particle-mobile-disabled=\"false\" class=\"elementor-section elementor-top-section elementor-element elementor-element-a5836dc elementor-section-height-min-height elementor-section-stretched elementor-section-boxed elementor-section-height-default elementor-section-items-middle wd-section-disabled\" data-id=\"a5836dc\" data-element_type=\"section\" data-settings=\"{&quot;stretch_section&quot;:&quot;section-stretched&quot;,&quot;background_background&quot;:&quot;video&quot;,&quot;background_video_link&quot;:&quot;\\\/\\\/player.vimeo.com\\\/video\\\/254146883?title=0&amp;portrait=0&amp;byline=0&amp;autoplay=1&amp;loop=1&amp;transparent=1&quot;,&quot;background_play_on_mobile&quot;:&quot;yes&quot;}\">\n\t\t\t\t\t\t\t\t<div class=\"elementor-background-video-container\">\n\t\t\t\t\t\t\t\t\t\t\t\t\t<div class=\"elementor-background-video-embed\"><\/div>\n\t\t\t\t\t\t\t\t\t\t\t\t<\/div>\n\t\t\t\t\t\t\t\t\t<div class=\"elementor-background-overlay\"><\/div>\n\t\t\t\t\t\t\t<div class=\"elementor-container elementor-column-gap-default\">\n\t\t\t\t\t<div class=\"elementor-column elementor-col-100 elementor-top-column elementor-element elementor-element-09cf032\" data-id=\"09cf032\" data-element_type=\"column\">\n\t\t\t<div class=\"elementor-widget-wrap elementor-element-populated\">\n\t\t\t\t\t\t<div class=\"elementor-element elementor-element-ac90d80 elementor-widget elementor-widget-heading\" data-id=\"ac90d80\" data-element_type=\"widget\" data-widget_type=\"heading.default\">\n\t\t\t\t<div class=\"elementor-widget-container\">\n\t\t\t<style>\/*! elementor - v3.22.0 - 17-06-2024 *\/\n.elementor-heading-title{padding:0;margin:0;line-height:1}.elementor-widget-heading .elementor-heading-title[class*=elementor-size-]>a{color:inherit;font-size:inherit;line-height:inherit}.elementor-widget-heading .elementor-heading-title.elementor-size-small{font-size:15px}.elementor-widget-heading .elementor-heading-title.elementor-size-medium{font-size:19px}.elementor-widget-heading .elementor-heading-title.elementor-size-large{font-size:29px}.elementor-widget-heading .elementor-heading-title.elementor-size-xl{font-size:39px}.elementor-widget-heading .elementor-heading-title.elementor-size-xxl{font-size:59px}<\/style><h2 class=\"elementor-heading-title elementor-size-default\">Contact<\/h2>\t\t<\/div>\n\t\t\t\t<\/div>\n\t\t\t\t<div class=\"elementor-element elementor-element-a4e1ec0 elementor-widget elementor-widget-heading\" data-id=\"a4e1ec0\" data-element_type=\"widget\" data-widget_type=\"heading.default\">\n\t\t\t\t<div class=\"elementor-widget-container\">\n\t\t\t<h2 class=\"elementor-heading-title elementor-size-default\">Contact us now<\/h2>\t\t<\/div>\n\t\t\t\t<\/div>\n\t\t\t\t<div class=\"elementor-element elementor-element-1a5acc2 color-scheme-inherit text-left elementor-widget elementor-widget-text-editor\" data-id=\"1a5acc2\" data-element_type=\"widget\" data-widget_type=\"text-editor.default\">\n\t\t\t\t<div class=\"elementor-widget-container\">\n\t\t\t<style>\/*! elementor - v3.22.0 - 17-06-2024 *\/\n.elementor-widget-text-editor.elementor-drop-cap-view-stacked .elementor-drop-cap{background-color:#69727d;color:#fff}.elementor-widget-text-editor.elementor-drop-cap-view-framed .elementor-drop-cap{color:#69727d;border:3px solid;background-color:transparent}.elementor-widget-text-editor:not(.elementor-drop-cap-view-default) .elementor-drop-cap{margin-top:8px}.elementor-widget-text-editor:not(.elementor-drop-cap-view-default) .elementor-drop-cap-letter{width:1em;height:1em}.elementor-widget-text-editor .elementor-drop-cap{float:left;text-align:center;line-height:1;font-size:50px}.elementor-widget-text-editor .elementor-drop-cap-letter{display:inline-block}<\/style>\t\t\t\t<p style=\"text-align: center;\">We will be happy to listen to you and share with you. This is also a channel through which you can collaborate with the association. We are waiting for your message!<\/p>\n\t\t\t\t\t\t<\/div>\n\t\t\t\t<\/div>\n\t\t\t\t\t<\/div>\n\t\t<\/div>\n\t\t\t\t\t<\/div>\n\t\t<\/section>\n\t\t\t\t<section data-particle_enable=\"false\" data-particle-mobile-disabled=\"false\" class=\"wd-negative-gap elementor-section elementor-top-section elementor-element elementor-element-33e217f elementor-section-boxed elementor-section-height-default elementor-section-height-default wd-section-disabled\" data-id=\"33e217f\" data-element_type=\"section\">\n\t\t\t\t\t\t<div class=\"elementor-container elementor-column-gap-default\">\n\t\t\t\t\t<div class=\"elementor-column elementor-col-33 elementor-top-column elementor-element elementor-element-5acada6\" data-id=\"5acada6\" data-element_type=\"column\">\n\t\t\t<div class=\"elementor-widget-wrap\">\n\t\t\t\t\t\t\t<\/div>\n\t\t<\/div>\n\t\t\t\t<div class=\"elementor-column elementor-col-33 elementor-top-column elementor-element elementor-element-e61fdc4\" data-id=\"e61fdc4\" data-element_type=\"column\" data-settings=\"{&quot;background_background&quot;:&quot;classic&quot;}\">\n\t\t\t<div class=\"elementor-widget-wrap elementor-element-populated\">\n\t\t\t\t\t\t<div class=\"elementor-element elementor-element-84f343d color-scheme-inherit text-left elementor-widget elementor-widget-text-editor\" data-id=\"84f343d\" data-element_type=\"widget\" data-widget_type=\"text-editor.default\">\n\t\t\t\t<div class=\"elementor-widget-container\">\n\t\t\t\t\t\t\t<p>You can fill in the following form or send us an email to the following address: <a href=\"mailto:info@alejandroyague.com\" target=\"_blank\" rel=\"noopener\">info@alejandroyague.com<\/a><\/p>\n\t\t\t\t\t\t<\/div>\n\t\t\t\t<\/div>\n\t\t\t\t<div class=\"elementor-element elementor-element-16a5d8c eael-contact-form-7-button-align-left eael-contact-form-7-button-custom elementor-widget elementor-widget-eael-contact-form-7\" data-id=\"16a5d8c\" data-element_type=\"widget\" data-widget_type=\"eael-contact-form-7.default\">\n\t\t\t\t<div class=\"elementor-widget-container\">\n\t\t\t<div class=\"eael-contact-form-7-wrapper\">\n                <div class=\"eael-contact-form eael-contact-form-7 eael-contact-form-16a5d8c placeholder-show eael-contact-form-align-default\"><div class=\"eael-contact-form-7-heading\"><h3 class=\"eael-contact-form-title eael-contact-form-7-title\">\n                                    CONTACT FORM\n                                <\/h3><\/div>\n<div class=\"wpcf7 no-js\" id=\"wpcf7-f2974-o1\" lang=\"es-ES\" dir=\"ltr\" data-wpcf7-id=\"2974\">\n<div class=\"screen-reader-response\"><p role=\"status\" aria-live=\"polite\" aria-atomic=\"true\"><\/p> <ul><\/ul><\/div>\n<form action=\"\/en\/wp-json\/wp\/v2\/pages\/2659#wpcf7-f2974-o1\" method=\"post\" class=\"wpcf7-form init\" aria-label=\"Formulario de contacto\" novalidate=\"novalidate\" data-status=\"init\">\n<fieldset class=\"hidden-fields-container\"><input type=\"hidden\" name=\"_wpcf7\" value=\"2974\" \/><input type=\"hidden\" name=\"_wpcf7_version\" value=\"6.1.5\" \/><input type=\"hidden\" name=\"_wpcf7_locale\" value=\"es_ES\" \/><input type=\"hidden\" name=\"_wpcf7_unit_tag\" value=\"wpcf7-f2974-o1\" \/><input type=\"hidden\" name=\"_wpcf7_container_post\" value=\"0\" \/><input type=\"hidden\" name=\"_wpcf7_posted_data_hash\" value=\"\" \/><input type=\"hidden\" name=\"_wpcf7_recaptcha_response\" value=\"\" \/>\n<\/fieldset>\n<p><label> Name*<br \/>\n<span class=\"wpcf7-form-control-wrap\" data-name=\"your-name\"><input size=\"40\" maxlength=\"400\" class=\"wpcf7-form-control wpcf7-text wpcf7-validates-as-required\" aria-required=\"true\" aria-invalid=\"false\" value=\"\" type=\"text\" name=\"your-name\" \/><\/span> <\/label>\n<\/p>\n<p><label> Email*<br \/>\n<span class=\"wpcf7-form-control-wrap\" data-name=\"your-email\"><input size=\"40\" maxlength=\"400\" class=\"wpcf7-form-control wpcf7-email wpcf7-validates-as-required wpcf7-text wpcf7-validates-as-email\" aria-required=\"true\" aria-invalid=\"false\" value=\"\" type=\"email\" name=\"your-email\" \/><\/span> <\/label>\n<\/p>\n<p><label> Subject<br \/>\n<span class=\"wpcf7-form-control-wrap\" data-name=\"your-subject\"><input size=\"40\" maxlength=\"400\" class=\"wpcf7-form-control wpcf7-text\" aria-invalid=\"false\" value=\"\" type=\"text\" name=\"your-subject\" \/><\/span> <\/label>\n<\/p>\n<p><label> Message*<br \/>\n<span class=\"wpcf7-form-control-wrap\" data-name=\"your-message\"><textarea cols=\"40\" rows=\"10\" maxlength=\"2000\" class=\"wpcf7-form-control wpcf7-textarea wpcf7-validates-as-required\" aria-required=\"true\" aria-invalid=\"false\" name=\"your-message\"><\/textarea><\/span> <\/label>\n<\/p>\n<p><input class=\"wpcf7-form-control wpcf7-submit has-spinner\" type=\"submit\" value=\"Send\" \/>\n<\/p><div class=\"wpcf7-response-output\" aria-hidden=\"true\"><\/div>\n<\/form>\n<\/div>\n<\/div>\n            <\/div>\t\t<\/div>\n\t\t\t\t<\/div>\n\t\t\t\t\t<\/div>\n\t\t<\/div>\n\t\t\t\t<div class=\"elementor-column elementor-col-33 elementor-top-column elementor-element elementor-element-bd39749\" data-id=\"bd39749\" data-element_type=\"column\" data-settings=\"{&quot;background_background&quot;:&quot;classic&quot;}\">\n\t\t\t<div class=\"elementor-widget-wrap elementor-element-populated\">\n\t\t\t\t\t\t<div class=\"elementor-element elementor-element-8c32ca1 elementor-widget elementor-widget-heading\" data-id=\"8c32ca1\" data-element_type=\"widget\" data-widget_type=\"heading.default\">\n\t\t\t\t<div class=\"elementor-widget-container\">\n\t\t\t<h2 class=\"elementor-heading-title elementor-size-default\">Collaborate with the association<\/h2>\t\t<\/div>\n\t\t\t\t<\/div>\n\t\t\t\t<div class=\"elementor-element elementor-element-2166ba4 elementor-widget elementor-widget-image\" data-id=\"2166ba4\" data-element_type=\"widget\" data-widget_type=\"image.default\">\n\t\t\t\t<div class=\"elementor-widget-container\">\n\t\t\t<style>\/*! elementor - v3.22.0 - 17-06-2024 *\/\n.elementor-widget-image{text-align:center}.elementor-widget-image a{display:inline-block}.elementor-widget-image a img[src$=\".svg\"]{width:48px}.elementor-widget-image img{vertical-align:middle;display:inline-block}<\/style>\t\t\t\t\t\t\t\t\t\t<img fetchpriority=\"high\" decoding=\"async\" width=\"651\" height=\"335\" src=\"https:\/\/alejandroyague.com\/wp-content\/uploads\/2021\/09\/footer.png\" class=\"attachment-large size-large wp-image-2520\" alt=\"\" srcset=\"https:\/\/alejandroyague.com\/wp-content\/uploads\/2021\/09\/footer.png 651w, https:\/\/alejandroyague.com\/wp-content\/uploads\/2021\/09\/footer-300x154.png 300w\" sizes=\"(max-width: 651px) 100vw, 651px\" \/>\t\t\t\t\t\t\t\t\t\t\t\t\t<\/div>\n\t\t\t\t<\/div>\n\t\t\t\t<div class=\"elementor-element elementor-element-0df8347 elementor-widget-divider--view-line elementor-widget elementor-widget-divider\" data-id=\"0df8347\" data-element_type=\"widget\" data-widget_type=\"divider.default\">\n\t\t\t\t<div class=\"elementor-widget-container\">\n\t\t\t<style>\/*! elementor - v3.22.0 - 17-06-2024 *\/\n.elementor-widget-divider{--divider-border-style:none;--divider-border-width:1px;--divider-color:#0c0d0e;--divider-icon-size:20px;--divider-element-spacing:10px;--divider-pattern-height:24px;--divider-pattern-size:20px;--divider-pattern-url:none;--divider-pattern-repeat:repeat-x}.elementor-widget-divider .elementor-divider{display:flex}.elementor-widget-divider .elementor-divider__text{font-size:15px;line-height:1;max-width:95%}.elementor-widget-divider .elementor-divider__element{margin:0 var(--divider-element-spacing);flex-shrink:0}.elementor-widget-divider .elementor-icon{font-size:var(--divider-icon-size)}.elementor-widget-divider .elementor-divider-separator{display:flex;margin:0;direction:ltr}.elementor-widget-divider--view-line_icon .elementor-divider-separator,.elementor-widget-divider--view-line_text .elementor-divider-separator{align-items:center}.elementor-widget-divider--view-line_icon .elementor-divider-separator:after,.elementor-widget-divider--view-line_icon .elementor-divider-separator:before,.elementor-widget-divider--view-line_text .elementor-divider-separator:after,.elementor-widget-divider--view-line_text .elementor-divider-separator:before{display:block;content:\"\";border-block-end:0;flex-grow:1;border-block-start:var(--divider-border-width) var(--divider-border-style) var(--divider-color)}.elementor-widget-divider--element-align-left .elementor-divider .elementor-divider-separator>.elementor-divider__svg:first-of-type{flex-grow:0;flex-shrink:100}.elementor-widget-divider--element-align-left .elementor-divider-separator:before{content:none}.elementor-widget-divider--element-align-left .elementor-divider__element{margin-left:0}.elementor-widget-divider--element-align-right .elementor-divider .elementor-divider-separator>.elementor-divider__svg:last-of-type{flex-grow:0;flex-shrink:100}.elementor-widget-divider--element-align-right .elementor-divider-separator:after{content:none}.elementor-widget-divider--element-align-right .elementor-divider__element{margin-right:0}.elementor-widget-divider--element-align-start .elementor-divider .elementor-divider-separator>.elementor-divider__svg:first-of-type{flex-grow:0;flex-shrink:100}.elementor-widget-divider--element-align-start .elementor-divider-separator:before{content:none}.elementor-widget-divider--element-align-start .elementor-divider__element{margin-inline-start:0}.elementor-widget-divider--element-align-end .elementor-divider .elementor-divider-separator>.elementor-divider__svg:last-of-type{flex-grow:0;flex-shrink:100}.elementor-widget-divider--element-align-end .elementor-divider-separator:after{content:none}.elementor-widget-divider--element-align-end .elementor-divider__element{margin-inline-end:0}.elementor-widget-divider:not(.elementor-widget-divider--view-line_text):not(.elementor-widget-divider--view-line_icon) .elementor-divider-separator{border-block-start:var(--divider-border-width) var(--divider-border-style) var(--divider-color)}.elementor-widget-divider--separator-type-pattern{--divider-border-style:none}.elementor-widget-divider--separator-type-pattern.elementor-widget-divider--view-line .elementor-divider-separator,.elementor-widget-divider--separator-type-pattern:not(.elementor-widget-divider--view-line) .elementor-divider-separator:after,.elementor-widget-divider--separator-type-pattern:not(.elementor-widget-divider--view-line) .elementor-divider-separator:before,.elementor-widget-divider--separator-type-pattern:not([class*=elementor-widget-divider--view]) .elementor-divider-separator{width:100%;min-height:var(--divider-pattern-height);-webkit-mask-size:var(--divider-pattern-size) 100%;mask-size:var(--divider-pattern-size) 100%;-webkit-mask-repeat:var(--divider-pattern-repeat);mask-repeat:var(--divider-pattern-repeat);background-color:var(--divider-color);-webkit-mask-image:var(--divider-pattern-url);mask-image:var(--divider-pattern-url)}.elementor-widget-divider--no-spacing{--divider-pattern-size:auto}.elementor-widget-divider--bg-round{--divider-pattern-repeat:round}.rtl .elementor-widget-divider .elementor-divider__text{direction:rtl}.e-con-inner>.elementor-widget-divider,.e-con>.elementor-widget-divider{width:var(--container-widget-width,100%);--flex-grow:var(--container-widget-flex-grow)}<\/style>\t\t<div class=\"elementor-divider\">\n\t\t\t<span class=\"elementor-divider-separator\">\n\t\t\t\t\t\t<\/span>\n\t\t<\/div>\n\t\t\t\t<\/div>\n\t\t\t\t<\/div>\n\t\t\t\t<div class=\"elementor-element elementor-element-3130c36 color-scheme-inherit text-left elementor-widget elementor-widget-text-editor\" data-id=\"3130c36\" data-element_type=\"widget\" data-widget_type=\"text-editor.default\">\n\t\t\t\t<div class=\"elementor-widget-container\">\n\t\t\t\t\t\t\t<p>We organise concerts, exhibitions and many other cultural activities. Collaborate with the association to make as many projects as possible a reality.<\/p>\n\t\t\t\t\t\t<\/div>\n\t\t\t\t<\/div>\n\t\t\t\t\t<\/div>\n\t\t<\/div>\n\t\t\t\t\t<\/div>\n\t\t<\/section>\n\t\t\t\t<\/div>\n\t\t","protected":false},"excerpt":{"rendered":"<p>Contact Contact us now We will be happy to listen to you and share with you. This is also a<\/p>\n","protected":false},"author":1,"featured_media":0,"parent":0,"menu_order":0,"comment_status":"closed","ping_status":"closed","template":"","meta":{"footnotes":""},"class_list":["post-2659","page","type-page","status-publish","hentry"],"yoast_head":"<!-- This site is optimized with the Yoast SEO plugin v27.3 - https:\/\/yoast.com\/product\/yoast-seo-wordpress\/ -->\n<title>CONTACT - Alejandro Yag\u00fce - Music Composer<\/title>\n<meta name=\"description\" content=\"Contact the Alejandro Yag\u00fce Association to solve your doubts or to collaborate with us to promote cultural events.\" \/>\n<meta name=\"robots\" content=\"index, follow, max-snippet:-1, max-image-preview:large, max-video-preview:-1\" \/>\n<link rel=\"canonical\" href=\"https:\/\/alejandroyague.com\/en\/contact-alejandro-yague\/\" \/>\n<meta property=\"og:locale\" content=\"en_US\" \/>\n<meta property=\"og:type\" content=\"article\" \/>\n<meta property=\"og:title\" content=\"CONTACT - Alejandro Yag\u00fce - Music Composer\" \/>\n<meta property=\"og:description\" content=\"Contact the Alejandro Yag\u00fce Association to solve your doubts or to collaborate with us to promote cultural events.\" \/>\n<meta property=\"og:url\" content=\"https:\/\/alejandroyague.com\/en\/contact-alejandro-yague\/\" \/>\n<meta property=\"og:site_name\" content=\"Alejandro Yag\u00fce - Autor, Composici\u00f3n y Director Musical\" \/>\n<meta property=\"article:publisher\" content=\"https:\/\/www.facebook.com\/profile.php?id=100077453230002\" \/>\n<meta property=\"article:modified_time\" content=\"2022-04-21T13:59:08+00:00\" \/>\n<meta property=\"og:image\" content=\"https:\/\/alejandroyague.com\/wp-content\/uploads\/2021\/09\/footer.png\" \/>\n<meta name=\"twitter:card\" content=\"summary_large_image\" \/>\n<meta name=\"twitter:site\" content=\"@AsociacionYague\" \/>\n<meta name=\"twitter:label1\" content=\"Est. reading time\" \/>\n\t<meta name=\"twitter:data1\" content=\"1 minute\" \/>\n<script type=\"application\/ld+json\" class=\"yoast-schema-graph\">{\"@context\":\"https:\\\/\\\/schema.org\",\"@graph\":[{\"@type\":\"WebPage\",\"@id\":\"https:\\\/\\\/alejandroyague.com\\\/en\\\/contact-alejandro-yague\\\/\",\"url\":\"https:\\\/\\\/alejandroyague.com\\\/en\\\/contact-alejandro-yague\\\/\",\"name\":\"CONTACT - Alejandro Yag\u00fce - Music Composer\",\"isPartOf\":{\"@id\":\"https:\\\/\\\/alejandroyague.com\\\/#website\"},\"primaryImageOfPage\":{\"@id\":\"https:\\\/\\\/alejandroyague.com\\\/en\\\/contact-alejandro-yague\\\/#primaryimage\"},\"image\":{\"@id\":\"https:\\\/\\\/alejandroyague.com\\\/en\\\/contact-alejandro-yague\\\/#primaryimage\"},\"thumbnailUrl\":\"https:\\\/\\\/alejandroyague.com\\\/wp-content\\\/uploads\\\/2021\\\/09\\\/footer.png\",\"datePublished\":\"2022-01-11T13:36:25+00:00\",\"dateModified\":\"2022-04-21T13:59:08+00:00\",\"description\":\"Contact the Alejandro Yag\u00fce Association to solve your doubts or to collaborate with us to promote cultural events.\",\"breadcrumb\":{\"@id\":\"https:\\\/\\\/alejandroyague.com\\\/en\\\/contact-alejandro-yague\\\/#breadcrumb\"},\"inLanguage\":\"en-US\",\"potentialAction\":[{\"@type\":\"ReadAction\",\"target\":[\"https:\\\/\\\/alejandroyague.com\\\/en\\\/contact-alejandro-yague\\\/\"]}]},{\"@type\":\"ImageObject\",\"inLanguage\":\"en-US\",\"@id\":\"https:\\\/\\\/alejandroyague.com\\\/en\\\/contact-alejandro-yague\\\/#primaryimage\",\"url\":\"https:\\\/\\\/alejandroyague.com\\\/wp-content\\\/uploads\\\/2021\\\/09\\\/footer.png\",\"contentUrl\":\"https:\\\/\\\/alejandroyague.com\\\/wp-content\\\/uploads\\\/2021\\\/09\\\/footer.png\"},{\"@type\":\"BreadcrumbList\",\"@id\":\"https:\\\/\\\/alejandroyague.com\\\/en\\\/contact-alejandro-yague\\\/#breadcrumb\",\"itemListElement\":[{\"@type\":\"ListItem\",\"position\":1,\"name\":\"Portada\",\"item\":\"https:\\\/\\\/alejandroyague.com\\\/\"},{\"@type\":\"ListItem\",\"position\":2,\"name\":\"Contact\"}]},{\"@type\":\"WebSite\",\"@id\":\"https:\\\/\\\/alejandroyague.com\\\/#website\",\"url\":\"https:\\\/\\\/alejandroyague.com\\\/\",\"name\":\"Alejandro Yag\u00fce - Autor, Composici\u00f3n y Director Musical\",\"description\":\"Autor, Composici\u00f3n y Director Musical\",\"publisher\":{\"@id\":\"https:\\\/\\\/alejandroyague.com\\\/#organization\"},\"potentialAction\":[{\"@type\":\"SearchAction\",\"target\":{\"@type\":\"EntryPoint\",\"urlTemplate\":\"https:\\\/\\\/alejandroyague.com\\\/?s={search_term_string}\"},\"query-input\":{\"@type\":\"PropertyValueSpecification\",\"valueRequired\":true,\"valueName\":\"search_term_string\"}}],\"inLanguage\":\"en-US\"},{\"@type\":\"Organization\",\"@id\":\"https:\\\/\\\/alejandroyague.com\\\/#organization\",\"name\":\"Asociaci\u00f3n Alejandro Yag\u00fce\",\"url\":\"https:\\\/\\\/alejandroyague.com\\\/\",\"logo\":{\"@type\":\"ImageObject\",\"inLanguage\":\"en-US\",\"@id\":\"https:\\\/\\\/alejandroyague.com\\\/#\\\/schema\\\/logo\\\/image\\\/\",\"url\":\"https:\\\/\\\/alejandroyague.com\\\/wp-content\\\/uploads\\\/2021\\\/09\\\/logo-alejandro-yague.png\",\"contentUrl\":\"https:\\\/\\\/alejandroyague.com\\\/wp-content\\\/uploads\\\/2021\\\/09\\\/logo-alejandro-yague.png\",\"width\":651,\"height\":335,\"caption\":\"Asociaci\u00f3n Alejandro Yag\u00fce\"},\"image\":{\"@id\":\"https:\\\/\\\/alejandroyague.com\\\/#\\\/schema\\\/logo\\\/image\\\/\"},\"sameAs\":[\"https:\\\/\\\/www.facebook.com\\\/profile.php?id=100077453230002\",\"https:\\\/\\\/x.com\\\/AsociacionYague\",\"https:\\\/\\\/www.instagram.com\\\/alejandro_yague_asociacion\\\/\",\"https:\\\/\\\/www.youtube.com\\\/channel\\\/UC0h6PUfuV9Zji7IVmiuoIxA\"]}]}<\/script>\n<!-- \/ Yoast SEO plugin. -->","yoast_head_json":{"title":"CONTACT - Alejandro Yag\u00fce - Music Composer","description":"Contact the Alejandro Yag\u00fce Association to solve your doubts or to collaborate with us to promote cultural events.","robots":{"index":"index","follow":"follow","max-snippet":"max-snippet:-1","max-image-preview":"max-image-preview:large","max-video-preview":"max-video-preview:-1"},"canonical":"https:\/\/alejandroyague.com\/en\/contact-alejandro-yague\/","og_locale":"en_US","og_type":"article","og_title":"CONTACT - Alejandro Yag\u00fce - Music Composer","og_description":"Contact the Alejandro Yag\u00fce Association to solve your doubts or to collaborate with us to promote cultural events.","og_url":"https:\/\/alejandroyague.com\/en\/contact-alejandro-yague\/","og_site_name":"Alejandro Yag\u00fce - Autor, Composici\u00f3n y Director Musical","article_publisher":"https:\/\/www.facebook.com\/profile.php?id=100077453230002","article_modified_time":"2022-04-21T13:59:08+00:00","og_image":[{"url":"https:\/\/alejandroyague.com\/wp-content\/uploads\/2021\/09\/footer.png","type":"","width":"","height":""}],"twitter_card":"summary_large_image","twitter_site":"@AsociacionYague","twitter_misc":{"Est. reading time":"1 minute"},"schema":{"@context":"https:\/\/schema.org","@graph":[{"@type":"WebPage","@id":"https:\/\/alejandroyague.com\/en\/contact-alejandro-yague\/","url":"https:\/\/alejandroyague.com\/en\/contact-alejandro-yague\/","name":"CONTACT - Alejandro Yag\u00fce - Music Composer","isPartOf":{"@id":"https:\/\/alejandroyague.com\/#website"},"primaryImageOfPage":{"@id":"https:\/\/alejandroyague.com\/en\/contact-alejandro-yague\/#primaryimage"},"image":{"@id":"https:\/\/alejandroyague.com\/en\/contact-alejandro-yague\/#primaryimage"},"thumbnailUrl":"https:\/\/alejandroyague.com\/wp-content\/uploads\/2021\/09\/footer.png","datePublished":"2022-01-11T13:36:25+00:00","dateModified":"2022-04-21T13:59:08+00:00","description":"Contact the Alejandro Yag\u00fce Association to solve your doubts or to collaborate with us to promote cultural events.","breadcrumb":{"@id":"https:\/\/alejandroyague.com\/en\/contact-alejandro-yague\/#breadcrumb"},"inLanguage":"en-US","potentialAction":[{"@type":"ReadAction","target":["https:\/\/alejandroyague.com\/en\/contact-alejandro-yague\/"]}]},{"@type":"ImageObject","inLanguage":"en-US","@id":"https:\/\/alejandroyague.com\/en\/contact-alejandro-yague\/#primaryimage","url":"https:\/\/alejandroyague.com\/wp-content\/uploads\/2021\/09\/footer.png","contentUrl":"https:\/\/alejandroyague.com\/wp-content\/uploads\/2021\/09\/footer.png"},{"@type":"BreadcrumbList","@id":"https:\/\/alejandroyague.com\/en\/contact-alejandro-yague\/#breadcrumb","itemListElement":[{"@type":"ListItem","position":1,"name":"Portada","item":"https:\/\/alejandroyague.com\/"},{"@type":"ListItem","position":2,"name":"Contact"}]},{"@type":"WebSite","@id":"https:\/\/alejandroyague.com\/#website","url":"https:\/\/alejandroyague.com\/","name":"Alejandro Yag\u00fce - Autor, Composici\u00f3n y Director Musical","description":"Autor, Composici\u00f3n y Director Musical","publisher":{"@id":"https:\/\/alejandroyague.com\/#organization"},"potentialAction":[{"@type":"SearchAction","target":{"@type":"EntryPoint","urlTemplate":"https:\/\/alejandroyague.com\/?s={search_term_string}"},"query-input":{"@type":"PropertyValueSpecification","valueRequired":true,"valueName":"search_term_string"}}],"inLanguage":"en-US"},{"@type":"Organization","@id":"https:\/\/alejandroyague.com\/#organization","name":"Asociaci\u00f3n Alejandro Yag\u00fce","url":"https:\/\/alejandroyague.com\/","logo":{"@type":"ImageObject","inLanguage":"en-US","@id":"https:\/\/alejandroyague.com\/#\/schema\/logo\/image\/","url":"https:\/\/alejandroyague.com\/wp-content\/uploads\/2021\/09\/logo-alejandro-yague.png","contentUrl":"https:\/\/alejandroyague.com\/wp-content\/uploads\/2021\/09\/logo-alejandro-yague.png","width":651,"height":335,"caption":"Asociaci\u00f3n Alejandro Yag\u00fce"},"image":{"@id":"https:\/\/alejandroyague.com\/#\/schema\/logo\/image\/"},"sameAs":["https:\/\/www.facebook.com\/profile.php?id=100077453230002","https:\/\/x.com\/AsociacionYague","https:\/\/www.instagram.com\/alejandro_yague_asociacion\/","https:\/\/www.youtube.com\/channel\/UC0h6PUfuV9Zji7IVmiuoIxA"]}]}},"_links":{"self":[{"href":"https:\/\/alejandroyague.com\/en\/wp-json\/wp\/v2\/pages\/2659","targetHints":{"allow":["GET"]}}],"collection":[{"href":"https:\/\/alejandroyague.com\/en\/wp-json\/wp\/v2\/pages"}],"about":[{"href":"https:\/\/alejandroyague.com\/en\/wp-json\/wp\/v2\/types\/page"}],"author":[{"embeddable":true,"href":"https:\/\/alejandroyague.com\/en\/wp-json\/wp\/v2\/users\/1"}],"replies":[{"embeddable":true,"href":"https:\/\/alejandroyague.com\/en\/wp-json\/wp\/v2\/comments?post=2659"}],"version-history":[{"count":12,"href":"https:\/\/alejandroyague.com\/en\/wp-json\/wp\/v2\/pages\/2659\/revisions"}],"predecessor-version":[{"id":2977,"href":"https:\/\/alejandroyague.com\/en\/wp-json\/wp\/v2\/pages\/2659\/revisions\/2977"}],"wp:attachment":[{"href":"https:\/\/alejandroyague.com\/en\/wp-json\/wp\/v2\/media?parent=2659"}],"curies":[{"name":"wp","href":"https:\/\/api.w.org\/{rel}","templated":true}]}}