{"id":2494,"date":"2021-12-27T22:35:15","date_gmt":"2021-12-27T21:35:15","guid":{"rendered":"https:\/\/alejandroyague.com\/agenda\/"},"modified":"2022-01-21T15:32:03","modified_gmt":"2022-01-21T14:32:03","slug":"agenda-alejandro-yague","status":"publish","type":"page","link":"https:\/\/alejandroyague.com\/en\/agenda-alejandro-yague\/","title":{"rendered":"Agenda"},"content":{"rendered":"\t\t<div data-elementor-type=\"wp-page\" data-elementor-id=\"2494\" class=\"elementor elementor-2494 elementor-2072\" data-elementor-post-type=\"page\">\n\t\t\t\t\t\t<section data-particle_enable=\"true\" class=\"eael-section-particles-8d46a4f wd-negative-gap elementor-section elementor-top-section elementor-element elementor-element-8d46a4f elementor-section-height-min-height elementor-section-stretched elementor-section-boxed elementor-section-height-default elementor-section-items-middle wd-section-disabled\" data-eael_ptheme_source=\"presets\" data-preset_theme=\"default\" data-custom_style=\"\" data-particle-mobile-disabled=\"false\" data-id=\"8d46a4f\" data-element_type=\"section\" data-settings=\"{&quot;stretch_section&quot;:&quot;section-stretched&quot;,&quot;background_background&quot;:&quot;classic&quot;,&quot;shape_divider_bottom&quot;:&quot;opacity-fan&quot;}\">\n\t\t\t\t\t<div class=\"elementor-shape elementor-shape-bottom\" data-negative=\"false\">\n\t\t\t<svg xmlns=\"http:\/\/www.w3.org\/2000\/svg\" viewBox=\"0 0 283.5 19.6\" preserveAspectRatio=\"none\">\n\t<path class=\"elementor-shape-fill\" style=\"opacity:0.33\" d=\"M0 0L0 18.8 141.8 4.1 283.5 18.8 283.5 0z\"\/>\n\t<path class=\"elementor-shape-fill\" style=\"opacity:0.33\" d=\"M0 0L0 12.6 141.8 4 283.5 12.6 283.5 0z\"\/>\n\t<path class=\"elementor-shape-fill\" style=\"opacity:0.33\" d=\"M0 0L0 6.4 141.8 4 283.5 6.4 283.5 0z\"\/>\n\t<path class=\"elementor-shape-fill\" d=\"M0 0L0 1.2 141.8 4 283.5 1.2 283.5 0z\"\/>\n<\/svg>\t\t<\/div>\n\t\t\t\t\t<div class=\"elementor-container elementor-column-gap-default\">\n\t\t\t\t\t<div class=\"elementor-column elementor-col-100 elementor-top-column elementor-element elementor-element-3dab244\" data-id=\"3dab244\" data-element_type=\"column\">\n\t\t\t<div class=\"elementor-widget-wrap elementor-element-populated\">\n\t\t\t\t\t\t<div class=\"elementor-element elementor-element-9384fd0 elementor-widget elementor-widget-heading\" data-id=\"9384fd0\" data-element_type=\"widget\" data-widget_type=\"heading.default\">\n\t\t\t\t<div class=\"elementor-widget-container\">\n\t\t\t<style>\/*! elementor - v3.22.0 - 17-06-2024 *\/\n.elementor-heading-title{padding:0;margin:0;line-height:1}.elementor-widget-heading .elementor-heading-title[class*=elementor-size-]>a{color:inherit;font-size:inherit;line-height:inherit}.elementor-widget-heading .elementor-heading-title.elementor-size-small{font-size:15px}.elementor-widget-heading .elementor-heading-title.elementor-size-medium{font-size:19px}.elementor-widget-heading .elementor-heading-title.elementor-size-large{font-size:29px}.elementor-widget-heading .elementor-heading-title.elementor-size-xl{font-size:39px}.elementor-widget-heading .elementor-heading-title.elementor-size-xxl{font-size:59px}<\/style><h2 class=\"elementor-heading-title elementor-size-default\">Calendar of Events<\/h2>\t\t<\/div>\n\t\t\t\t<\/div>\n\t\t\t\t\t<\/div>\n\t\t<\/div>\n\t\t\t\t\t<\/div>\n\t\t<\/section>\n\t\t            <style>\n                .elementor-element-8d46a4f.eael-particles-section > canvas {\n                    z-index: -1;\n                    position: absolute;\n                    top:0;\n                }\n            <\/style>\n        \t\t<section data-particle_enable=\"true\" class=\"eael-section-particles-13d1b84 elementor-section elementor-top-section elementor-element elementor-element-13d1b84 elementor-section-full_width elementor-section-height-min-height elementor-section-stretched elementor-section-items-top elementor-section-height-default wd-section-disabled\" data-eael_ptheme_source=\"presets\" data-preset_theme=\"nasa\" data-custom_style=\"\" data-particle-mobile-disabled=\"false\" data-id=\"13d1b84\" data-element_type=\"section\" data-settings=\"{&quot;stretch_section&quot;:&quot;section-stretched&quot;,&quot;background_background&quot;:&quot;classic&quot;}\">\n\t\t\t\t\t\t\t<div class=\"elementor-background-overlay\"><\/div>\n\t\t\t\t\t\t\t<div class=\"elementor-container elementor-column-gap-default\">\n\t\t\t\t\t<div class=\"elementor-column elementor-col-100 elementor-top-column elementor-element elementor-element-a14f2ee\" data-id=\"a14f2ee\" data-element_type=\"column\">\n\t\t\t<div class=\"elementor-widget-wrap elementor-element-populated\">\n\t\t\t\t\t\t<section data-particle_enable=\"false\" data-particle-mobile-disabled=\"false\" class=\"wd-negative-gap elementor-section elementor-inner-section elementor-element elementor-element-2a7f559 elementor-section-content-middle elementor-section-boxed elementor-section-height-default elementor-section-height-default wd-section-disabled\" data-id=\"2a7f559\" data-element_type=\"section\">\n\t\t\t\t\t\t<div class=\"elementor-container elementor-column-gap-default\">\n\t\t\t\t\t<div class=\"elementor-column elementor-col-33 elementor-inner-column elementor-element elementor-element-7def02e\" data-id=\"7def02e\" data-element_type=\"column\">\n\t\t\t<div class=\"elementor-widget-wrap\">\n\t\t\t\t\t\t\t<\/div>\n\t\t<\/div>\n\t\t\t\t<div class=\"elementor-column elementor-col-33 elementor-inner-column elementor-element elementor-element-a5ecb64\" data-id=\"a5ecb64\" data-element_type=\"column\">\n\t\t\t<div class=\"elementor-widget-wrap elementor-element-populated\">\n\t\t\t\t\t\t<div class=\"elementor-element elementor-element-0c2c3da color-scheme-inherit text-left elementor-widget elementor-widget-text-editor\" data-id=\"0c2c3da\" data-element_type=\"widget\" data-widget_type=\"text-editor.default\">\n\t\t\t\t<div class=\"elementor-widget-container\">\n\t\t\t<style>\/*! elementor - v3.22.0 - 17-06-2024 *\/\n.elementor-widget-text-editor.elementor-drop-cap-view-stacked .elementor-drop-cap{background-color:#69727d;color:#fff}.elementor-widget-text-editor.elementor-drop-cap-view-framed .elementor-drop-cap{color:#69727d;border:3px solid;background-color:transparent}.elementor-widget-text-editor:not(.elementor-drop-cap-view-default) .elementor-drop-cap{margin-top:8px}.elementor-widget-text-editor:not(.elementor-drop-cap-view-default) .elementor-drop-cap-letter{width:1em;height:1em}.elementor-widget-text-editor .elementor-drop-cap{float:left;text-align:center;line-height:1;font-size:50px}.elementor-widget-text-editor .elementor-drop-cap-letter{display:inline-block}<\/style>\t\t\t\t<p><\/p>\n<p><div id=\"mec_skin_2125\" class=\"mec-wrap colorskin-custom   mec-full-calendar-wrap\">\r\n\r\n    <div class=\"mec-search-form mec-totalcal-box\">\r\n                                    <div id=\"mec_search_form_2125\" class=\"\">\r\n\r\n            \r\n            <div class=\"mec-dropdown-wrap\">\r\n                                                                                                            <\/div>\r\n        <\/div>\r\n        <div id=\"mec_search_form_2125\">\r\n                                <\/div>\r\n        <div id=\"mec_search_form_2125\" class=\"mec-full-calendar-search-ends\">\r\n                            <div class=\"mec-text-input-search\"><i class=\"mec-sl-magnifier\"><\/i>\r\n                    <input type=\"search\" value=\"\" id=\"mec_sf_s_2125\" placeholder=\"\" \/>\r\n                <\/div>                                        <div class=\"mec-date-search\"><input type=\"hidden\" id=\"mec-filter-none\" value=\"Select\"><i class=\"mec-sl-calendar\"><\/i>\r\n                    <select id=\"mec_sf_month_2125\">\r\n                        <option value=\"\">Select Month<\/option><option class=\"mec-none-item\" value=\"none\" selected=\"selected\">Select<\/option><option value=\"01\">January<\/option><option value=\"02\">February<\/option><option value=\"03\">March<\/option><option value=\"04\">April<\/option><option value=\"05\">May<\/option><option value=\"06\">June<\/option><option value=\"07\">July<\/option><option value=\"08\">August<\/option><option value=\"09\">September<\/option><option value=\"10\">October<\/option><option value=\"11\">November<\/option><option value=\"12\">December<\/option><\/select><select id=\"mec_sf_year_2125\"><option class=\"mec-none-item\" value=\"none\" selected=\"selected\">Select<\/option><option value=\"2022\">2022<\/option><option value=\"2023\">2023<\/option><option value=\"2024\">2024<\/option><option value=\"2025\">2025<\/option><option value=\"2026\">2026<\/option><option value=\"2027\">2027<\/option><option value=\"2028\">2028<\/option><option value=\"2029\">2029<\/option><option value=\"2030\">2030<\/option><\/select><\/div>                                                <div class=\"col-md-12 mec-tab-loader\">\r\n                <div class=\"mec-totalcal-view\">\r\n                                        <span class=\"mec-totalcal-monthlyview\" data-skin=\"monthly\">Monthly<\/span>                    <span class=\"mec-totalcal-weeklyview\" data-skin=\"weekly\">Weekly<\/span>                    <span class=\"mec-totalcal-dailyview\" data-skin=\"daily\">Daily<\/span>                    <span class=\"mec-totalcal-listview mec-totalcalview-selected\" data-skin=\"list\">List<\/span>                    <span class=\"mec-totalcal-gridview\" data-skin=\"grid\">Grid<\/span>                    <span class=\"mec-totalcal-tileview\" data-skin=\"tile\">Tile<\/span>                <\/div>\r\n            <\/div>\r\n        <\/div>\r\n            <\/div>\r\n\r\n    <div id=\"mec_full_calendar_container_2125\" class=\"mec-full-calendar-skin-container\">\r\n        <div class=\"mec-wrap mec-skin-list-container  \" id=\"mec_skin_2125\">\r\n\r\n    \r\n        <div class=\"mec-skin-list-events-container\" id=\"mec_skin_events_2125\">\r\n        No event found!    <\/div>\r\n    \r\n    \r\n<\/div>    <\/div>\r\n\r\n<\/div><\/p>\n\t\t\t\t\t\t<\/div>\n\t\t\t\t<\/div>\n\t\t\t\t\t<\/div>\n\t\t<\/div>\n\t\t\t\t<div class=\"elementor-column elementor-col-33 elementor-inner-column elementor-element elementor-element-1c63c76\" data-id=\"1c63c76\" data-element_type=\"column\">\n\t\t\t<div class=\"elementor-widget-wrap\">\n\t\t\t\t\t\t\t<\/div>\n\t\t<\/div>\n\t\t\t\t\t<\/div>\n\t\t<\/section>\n\t\t\t\t\t<\/div>\n\t\t<\/div>\n\t\t\t\t\t<\/div>\n\t\t<\/section>\n\t\t            <style>\n                .elementor-element-13d1b84.eael-particles-section > canvas {\n                    z-index: -1;\n                    position: absolute;\n                    top:0;\n                }\n            <\/style>\n        \t\t<\/div>\n\t\t","protected":false},"excerpt":{"rendered":"<p>Calendar of Events<\/p>\n","protected":false},"author":1,"featured_media":0,"parent":0,"menu_order":0,"comment_status":"closed","ping_status":"closed","template":"","meta":{"footnotes":""},"class_list":["post-2494","page","type-page","status-publish","hentry"],"yoast_head":"<!-- This site is optimized with the Yoast SEO plugin v27.3 - https:\/\/yoast.com\/product\/yoast-seo-wordpress\/ -->\n<title>AGENDA - Alejandro Yag\u00fce - Music Composer<\/title>\n<meta name=\"description\" content=\"This is the agenda of the Alejandro Yag\u00fce Association to celebrate cultural events around the figure of the composer.\" \/>\n<meta name=\"robots\" content=\"index, follow, max-snippet:-1, max-image-preview:large, max-video-preview:-1\" \/>\n<link rel=\"canonical\" href=\"https:\/\/alejandroyague.com\/en\/agenda-alejandro-yague\/\" \/>\n<meta property=\"og:locale\" content=\"en_US\" \/>\n<meta property=\"og:type\" content=\"article\" \/>\n<meta property=\"og:title\" content=\"AGENDA - Alejandro Yag\u00fce - Music Composer\" \/>\n<meta property=\"og:description\" content=\"This is the agenda of the Alejandro Yag\u00fce Association to celebrate cultural events around the figure of the composer.\" \/>\n<meta property=\"og:url\" content=\"https:\/\/alejandroyague.com\/en\/agenda-alejandro-yague\/\" \/>\n<meta property=\"og:site_name\" content=\"Alejandro Yag\u00fce - Autor, Composici\u00f3n y Director Musical\" \/>\n<meta property=\"article:publisher\" content=\"https:\/\/www.facebook.com\/profile.php?id=100077453230002\" \/>\n<meta property=\"article:modified_time\" content=\"2022-01-21T14:32:03+00:00\" \/>\n<meta name=\"twitter:card\" content=\"summary_large_image\" \/>\n<meta name=\"twitter:site\" content=\"@AsociacionYague\" \/>\n<script type=\"application\/ld+json\" class=\"yoast-schema-graph\">{\"@context\":\"https:\\\/\\\/schema.org\",\"@graph\":[{\"@type\":\"WebPage\",\"@id\":\"https:\\\/\\\/alejandroyague.com\\\/en\\\/agenda-alejandro-yague\\\/\",\"url\":\"https:\\\/\\\/alejandroyague.com\\\/en\\\/agenda-alejandro-yague\\\/\",\"name\":\"AGENDA - Alejandro Yag\u00fce - Music Composer\",\"isPartOf\":{\"@id\":\"https:\\\/\\\/alejandroyague.com\\\/#website\"},\"datePublished\":\"2021-12-27T21:35:15+00:00\",\"dateModified\":\"2022-01-21T14:32:03+00:00\",\"description\":\"This is the agenda of the Alejandro Yag\u00fce Association to celebrate cultural events around the figure of the composer.\",\"breadcrumb\":{\"@id\":\"https:\\\/\\\/alejandroyague.com\\\/en\\\/agenda-alejandro-yague\\\/#breadcrumb\"},\"inLanguage\":\"en-US\",\"potentialAction\":[{\"@type\":\"ReadAction\",\"target\":[\"https:\\\/\\\/alejandroyague.com\\\/en\\\/agenda-alejandro-yague\\\/\"]}]},{\"@type\":\"BreadcrumbList\",\"@id\":\"https:\\\/\\\/alejandroyague.com\\\/en\\\/agenda-alejandro-yague\\\/#breadcrumb\",\"itemListElement\":[{\"@type\":\"ListItem\",\"position\":1,\"name\":\"Portada\",\"item\":\"https:\\\/\\\/alejandroyague.com\\\/\"},{\"@type\":\"ListItem\",\"position\":2,\"name\":\"Agenda\"}]},{\"@type\":\"WebSite\",\"@id\":\"https:\\\/\\\/alejandroyague.com\\\/#website\",\"url\":\"https:\\\/\\\/alejandroyague.com\\\/\",\"name\":\"Alejandro Yag\u00fce - Autor, Composici\u00f3n y Director Musical\",\"description\":\"Autor, Composici\u00f3n y Director Musical\",\"publisher\":{\"@id\":\"https:\\\/\\\/alejandroyague.com\\\/#organization\"},\"potentialAction\":[{\"@type\":\"SearchAction\",\"target\":{\"@type\":\"EntryPoint\",\"urlTemplate\":\"https:\\\/\\\/alejandroyague.com\\\/?s={search_term_string}\"},\"query-input\":{\"@type\":\"PropertyValueSpecification\",\"valueRequired\":true,\"valueName\":\"search_term_string\"}}],\"inLanguage\":\"en-US\"},{\"@type\":\"Organization\",\"@id\":\"https:\\\/\\\/alejandroyague.com\\\/#organization\",\"name\":\"Asociaci\u00f3n Alejandro Yag\u00fce\",\"url\":\"https:\\\/\\\/alejandroyague.com\\\/\",\"logo\":{\"@type\":\"ImageObject\",\"inLanguage\":\"en-US\",\"@id\":\"https:\\\/\\\/alejandroyague.com\\\/#\\\/schema\\\/logo\\\/image\\\/\",\"url\":\"https:\\\/\\\/alejandroyague.com\\\/wp-content\\\/uploads\\\/2021\\\/09\\\/logo-alejandro-yague.png\",\"contentUrl\":\"https:\\\/\\\/alejandroyague.com\\\/wp-content\\\/uploads\\\/2021\\\/09\\\/logo-alejandro-yague.png\",\"width\":651,\"height\":335,\"caption\":\"Asociaci\u00f3n Alejandro Yag\u00fce\"},\"image\":{\"@id\":\"https:\\\/\\\/alejandroyague.com\\\/#\\\/schema\\\/logo\\\/image\\\/\"},\"sameAs\":[\"https:\\\/\\\/www.facebook.com\\\/profile.php?id=100077453230002\",\"https:\\\/\\\/x.com\\\/AsociacionYague\",\"https:\\\/\\\/www.instagram.com\\\/alejandro_yague_asociacion\\\/\",\"https:\\\/\\\/www.youtube.com\\\/channel\\\/UC0h6PUfuV9Zji7IVmiuoIxA\"]}]}<\/script>\n<!-- \/ Yoast SEO plugin. -->","yoast_head_json":{"title":"AGENDA - Alejandro Yag\u00fce - Music Composer","description":"This is the agenda of the Alejandro Yag\u00fce Association to celebrate cultural events around the figure of the composer.","robots":{"index":"index","follow":"follow","max-snippet":"max-snippet:-1","max-image-preview":"max-image-preview:large","max-video-preview":"max-video-preview:-1"},"canonical":"https:\/\/alejandroyague.com\/en\/agenda-alejandro-yague\/","og_locale":"en_US","og_type":"article","og_title":"AGENDA - Alejandro Yag\u00fce - Music Composer","og_description":"This is the agenda of the Alejandro Yag\u00fce Association to celebrate cultural events around the figure of the composer.","og_url":"https:\/\/alejandroyague.com\/en\/agenda-alejandro-yague\/","og_site_name":"Alejandro Yag\u00fce - Autor, Composici\u00f3n y Director Musical","article_publisher":"https:\/\/www.facebook.com\/profile.php?id=100077453230002","article_modified_time":"2022-01-21T14:32:03+00:00","twitter_card":"summary_large_image","twitter_site":"@AsociacionYague","schema":{"@context":"https:\/\/schema.org","@graph":[{"@type":"WebPage","@id":"https:\/\/alejandroyague.com\/en\/agenda-alejandro-yague\/","url":"https:\/\/alejandroyague.com\/en\/agenda-alejandro-yague\/","name":"AGENDA - Alejandro Yag\u00fce - Music Composer","isPartOf":{"@id":"https:\/\/alejandroyague.com\/#website"},"datePublished":"2021-12-27T21:35:15+00:00","dateModified":"2022-01-21T14:32:03+00:00","description":"This is the agenda of the Alejandro Yag\u00fce Association to celebrate cultural events around the figure of the composer.","breadcrumb":{"@id":"https:\/\/alejandroyague.com\/en\/agenda-alejandro-yague\/#breadcrumb"},"inLanguage":"en-US","potentialAction":[{"@type":"ReadAction","target":["https:\/\/alejandroyague.com\/en\/agenda-alejandro-yague\/"]}]},{"@type":"BreadcrumbList","@id":"https:\/\/alejandroyague.com\/en\/agenda-alejandro-yague\/#breadcrumb","itemListElement":[{"@type":"ListItem","position":1,"name":"Portada","item":"https:\/\/alejandroyague.com\/"},{"@type":"ListItem","position":2,"name":"Agenda"}]},{"@type":"WebSite","@id":"https:\/\/alejandroyague.com\/#website","url":"https:\/\/alejandroyague.com\/","name":"Alejandro Yag\u00fce - Autor, Composici\u00f3n y Director Musical","description":"Autor, Composici\u00f3n y Director Musical","publisher":{"@id":"https:\/\/alejandroyague.com\/#organization"},"potentialAction":[{"@type":"SearchAction","target":{"@type":"EntryPoint","urlTemplate":"https:\/\/alejandroyague.com\/?s={search_term_string}"},"query-input":{"@type":"PropertyValueSpecification","valueRequired":true,"valueName":"search_term_string"}}],"inLanguage":"en-US"},{"@type":"Organization","@id":"https:\/\/alejandroyague.com\/#organization","name":"Asociaci\u00f3n Alejandro Yag\u00fce","url":"https:\/\/alejandroyague.com\/","logo":{"@type":"ImageObject","inLanguage":"en-US","@id":"https:\/\/alejandroyague.com\/#\/schema\/logo\/image\/","url":"https:\/\/alejandroyague.com\/wp-content\/uploads\/2021\/09\/logo-alejandro-yague.png","contentUrl":"https:\/\/alejandroyague.com\/wp-content\/uploads\/2021\/09\/logo-alejandro-yague.png","width":651,"height":335,"caption":"Asociaci\u00f3n Alejandro Yag\u00fce"},"image":{"@id":"https:\/\/alejandroyague.com\/#\/schema\/logo\/image\/"},"sameAs":["https:\/\/www.facebook.com\/profile.php?id=100077453230002","https:\/\/x.com\/AsociacionYague","https:\/\/www.instagram.com\/alejandro_yague_asociacion\/","https:\/\/www.youtube.com\/channel\/UC0h6PUfuV9Zji7IVmiuoIxA"]}]}},"_links":{"self":[{"href":"https:\/\/alejandroyague.com\/en\/wp-json\/wp\/v2\/pages\/2494","targetHints":{"allow":["GET"]}}],"collection":[{"href":"https:\/\/alejandroyague.com\/en\/wp-json\/wp\/v2\/pages"}],"about":[{"href":"https:\/\/alejandroyague.com\/en\/wp-json\/wp\/v2\/types\/page"}],"author":[{"embeddable":true,"href":"https:\/\/alejandroyague.com\/en\/wp-json\/wp\/v2\/users\/1"}],"replies":[{"embeddable":true,"href":"https:\/\/alejandroyague.com\/en\/wp-json\/wp\/v2\/comments?post=2494"}],"version-history":[{"count":3,"href":"https:\/\/alejandroyague.com\/en\/wp-json\/wp\/v2\/pages\/2494\/revisions"}],"predecessor-version":[{"id":2813,"href":"https:\/\/alejandroyague.com\/en\/wp-json\/wp\/v2\/pages\/2494\/revisions\/2813"}],"wp:attachment":[{"href":"https:\/\/alejandroyague.com\/en\/wp-json\/wp\/v2\/media?parent=2494"}],"curies":[{"name":"wp","href":"https:\/\/api.w.org\/{rel}","templated":true}]}}